{"id":81,"date":"2023-03-13T14:50:05","date_gmt":"2023-03-13T13:50:05","guid":{"rendered":"https:\/\/petergunnar.photo\/?page_id=81"},"modified":"2024-04-18T10:11:09","modified_gmt":"2024-04-18T08:11:09","slug":"portraits-corporate","status":"publish","type":"page","link":"https:\/\/petergunnar.photo\/?page_id=81","title":{"rendered":"Portraits d&rsquo;organisations"},"content":{"rendered":"\n<p class=\"has-text-align-left wp-block-paragraph\">Savez-vous que la page \u00ab\u00a0Qui sommes-nous ?\u00a0\u00bb du site d&rsquo;une organisation est la plus souvent regard\u00e9e lors de la premi\u00e8re visite ? C&rsquo;est bien normal, car nous voulons savoir \u00e0 qui nous avons \u00e0 faire pour aller plus loin. <\/p>\n\n\n\n<p class=\"has-text-align-left wp-block-paragraph\">Le \u00ab\u00a0Qui sommes-nous ?\u00a0\u00bb cr\u00e9\u00e9 la 1\u00e8re impression chez vos clients ou vos futurs employ\u00e9s. Imaginez l&rsquo;impact produit par une mauvaise photo, <em>ou pire, un selfie pris \u00e0 bout de bras<\/em>.<\/p>\n\n\n\n<div style=\"height:100px\" aria-hidden=\"true\" class=\"wp-block-spacer\"><\/div>\n\n\n\n<p class=\"wp-block-paragraph\">Pour son nouveau site web, cette organisation souhaitait que les portraits des personnes pr\u00e9sentent une certaine homog\u00e9n\u00e9it\u00e9, tout en laissant la personnalit\u00e9 de chacun(e) s&rsquo;exprimer.<\/p>\n\n\n\n<figure class=\"wp-block-gallery has-nested-images columns-default is-cropped wp-block-gallery-1 is-layout-flex wp-block-gallery-is-layout-flex\">\n<figure class=\"wp-block-image size-full\"><img loading=\"lazy\" decoding=\"async\" width=\"2560\" height=\"2560\" data-id=\"857\" src=\"https:\/\/petergunnar.photo\/wp-content\/uploads\/2023\/09\/1032-1113-scaled.jpg\" alt=\"\" class=\"wp-image-857\" srcset=\"https:\/\/petergunnar.photo\/wp-content\/uploads\/2023\/09\/1032-1113-scaled.jpg 2560w, https:\/\/petergunnar.photo\/wp-content\/uploads\/2023\/09\/1032-1113-300x300.jpg 300w, https:\/\/petergunnar.photo\/wp-content\/uploads\/2023\/09\/1032-1113-1024x1024.jpg 1024w, https:\/\/petergunnar.photo\/wp-content\/uploads\/2023\/09\/1032-1113-150x150.jpg 150w, https:\/\/petergunnar.photo\/wp-content\/uploads\/2023\/09\/1032-1113-768x768.jpg 768w, https:\/\/petergunnar.photo\/wp-content\/uploads\/2023\/09\/1032-1113-1536x1536.jpg 1536w, https:\/\/petergunnar.photo\/wp-content\/uploads\/2023\/09\/1032-1113-2048x2048.jpg 2048w\" sizes=\"auto, (max-width: 2560px) 100vw, 2560px\" \/><\/figure>\n\n\n\n<figure class=\"wp-block-image size-large\"><img loading=\"lazy\" decoding=\"async\" width=\"1024\" height=\"1024\" data-id=\"856\" src=\"https:\/\/petergunnar.photo\/wp-content\/uploads\/2023\/09\/1032-1030-1024x1024.jpg\" alt=\"\" class=\"wp-image-856\" srcset=\"https:\/\/petergunnar.photo\/wp-content\/uploads\/2023\/09\/1032-1030-1024x1024.jpg 1024w, https:\/\/petergunnar.photo\/wp-content\/uploads\/2023\/09\/1032-1030-300x300.jpg 300w, https:\/\/petergunnar.photo\/wp-content\/uploads\/2023\/09\/1032-1030-150x150.jpg 150w, https:\/\/petergunnar.photo\/wp-content\/uploads\/2023\/09\/1032-1030-768x768.jpg 768w, https:\/\/petergunnar.photo\/wp-content\/uploads\/2023\/09\/1032-1030-1536x1536.jpg 1536w, https:\/\/petergunnar.photo\/wp-content\/uploads\/2023\/09\/1032-1030-2048x2048.jpg 2048w\" sizes=\"auto, (max-width: 1024px) 100vw, 1024px\" \/><\/figure>\n\n\n\n<figure class=\"wp-block-image size-large\"><img loading=\"lazy\" decoding=\"async\" width=\"1024\" height=\"1024\" data-id=\"854\" src=\"https:\/\/petergunnar.photo\/wp-content\/uploads\/2023\/09\/1032-0880-1024x1024.jpg\" alt=\"\" class=\"wp-image-854\" srcset=\"https:\/\/petergunnar.photo\/wp-content\/uploads\/2023\/09\/1032-0880-1024x1024.jpg 1024w, https:\/\/petergunnar.photo\/wp-content\/uploads\/2023\/09\/1032-0880-300x300.jpg 300w, https:\/\/petergunnar.photo\/wp-content\/uploads\/2023\/09\/1032-0880-150x150.jpg 150w, https:\/\/petergunnar.photo\/wp-content\/uploads\/2023\/09\/1032-0880-768x768.jpg 768w, https:\/\/petergunnar.photo\/wp-content\/uploads\/2023\/09\/1032-0880-1536x1536.jpg 1536w, https:\/\/petergunnar.photo\/wp-content\/uploads\/2023\/09\/1032-0880-2048x2048.jpg 2048w\" sizes=\"auto, (max-width: 1024px) 100vw, 1024px\" \/><\/figure>\n\n\n\n<figure class=\"wp-block-image size-large\"><img loading=\"lazy\" decoding=\"async\" width=\"1024\" height=\"1024\" data-id=\"852\" src=\"https:\/\/petergunnar.photo\/wp-content\/uploads\/2023\/09\/1032-0803-1024x1024.jpg\" alt=\"\" class=\"wp-image-852\" srcset=\"https:\/\/petergunnar.photo\/wp-content\/uploads\/2023\/09\/1032-0803-1024x1024.jpg 1024w, https:\/\/petergunnar.photo\/wp-content\/uploads\/2023\/09\/1032-0803-300x300.jpg 300w, https:\/\/petergunnar.photo\/wp-content\/uploads\/2023\/09\/1032-0803-150x150.jpg 150w, https:\/\/petergunnar.photo\/wp-content\/uploads\/2023\/09\/1032-0803-768x768.jpg 768w, https:\/\/petergunnar.photo\/wp-content\/uploads\/2023\/09\/1032-0803-1536x1536.jpg 1536w, https:\/\/petergunnar.photo\/wp-content\/uploads\/2023\/09\/1032-0803-2048x2048.jpg 2048w\" sizes=\"auto, (max-width: 1024px) 100vw, 1024px\" \/><\/figure>\n\n\n\n<figure class=\"wp-block-image size-large\"><img loading=\"lazy\" decoding=\"async\" width=\"1024\" height=\"1024\" data-id=\"851\" src=\"https:\/\/petergunnar.photo\/wp-content\/uploads\/2023\/09\/1032-0697-1024x1024.jpg\" alt=\"\" class=\"wp-image-851\" srcset=\"https:\/\/petergunnar.photo\/wp-content\/uploads\/2023\/09\/1032-0697-1024x1024.jpg 1024w, https:\/\/petergunnar.photo\/wp-content\/uploads\/2023\/09\/1032-0697-300x300.jpg 300w, https:\/\/petergunnar.photo\/wp-content\/uploads\/2023\/09\/1032-0697-150x150.jpg 150w, https:\/\/petergunnar.photo\/wp-content\/uploads\/2023\/09\/1032-0697-768x768.jpg 768w, https:\/\/petergunnar.photo\/wp-content\/uploads\/2023\/09\/1032-0697-1536x1536.jpg 1536w, https:\/\/petergunnar.photo\/wp-content\/uploads\/2023\/09\/1032-0697-2048x2048.jpg 2048w\" sizes=\"auto, (max-width: 1024px) 100vw, 1024px\" \/><\/figure>\n\n\n\n<figure class=\"wp-block-image size-large\"><img loading=\"lazy\" decoding=\"async\" width=\"1024\" height=\"1024\" data-id=\"850\" src=\"https:\/\/petergunnar.photo\/wp-content\/uploads\/2023\/09\/1032-10320439-1024x1024.jpg\" alt=\"\" class=\"wp-image-850\" srcset=\"https:\/\/petergunnar.photo\/wp-content\/uploads\/2023\/09\/1032-10320439-1024x1024.jpg 1024w, https:\/\/petergunnar.photo\/wp-content\/uploads\/2023\/09\/1032-10320439-300x300.jpg 300w, https:\/\/petergunnar.photo\/wp-content\/uploads\/2023\/09\/1032-10320439-150x150.jpg 150w, https:\/\/petergunnar.photo\/wp-content\/uploads\/2023\/09\/1032-10320439-768x768.jpg 768w, https:\/\/petergunnar.photo\/wp-content\/uploads\/2023\/09\/1032-10320439-1536x1536.jpg 1536w, https:\/\/petergunnar.photo\/wp-content\/uploads\/2023\/09\/1032-10320439-2048x2048.jpg 2048w\" sizes=\"auto, (max-width: 1024px) 100vw, 1024px\" \/><\/figure>\n\n\n\n<figure class=\"wp-block-image size-large\"><img loading=\"lazy\" decoding=\"async\" width=\"1024\" height=\"1024\" data-id=\"849\" src=\"https:\/\/petergunnar.photo\/wp-content\/uploads\/2023\/09\/1032-10320375-1024x1024.jpg\" alt=\"\" class=\"wp-image-849\" srcset=\"https:\/\/petergunnar.photo\/wp-content\/uploads\/2023\/09\/1032-10320375-1024x1024.jpg 1024w, https:\/\/petergunnar.photo\/wp-content\/uploads\/2023\/09\/1032-10320375-300x300.jpg 300w, https:\/\/petergunnar.photo\/wp-content\/uploads\/2023\/09\/1032-10320375-150x150.jpg 150w, https:\/\/petergunnar.photo\/wp-content\/uploads\/2023\/09\/1032-10320375-768x768.jpg 768w, https:\/\/petergunnar.photo\/wp-content\/uploads\/2023\/09\/1032-10320375-1536x1536.jpg 1536w, https:\/\/petergunnar.photo\/wp-content\/uploads\/2023\/09\/1032-10320375-2048x2048.jpg 2048w\" sizes=\"auto, (max-width: 1024px) 100vw, 1024px\" \/><\/figure>\n\n\n\n<figure class=\"wp-block-image size-large\"><img loading=\"lazy\" decoding=\"async\" width=\"1024\" height=\"1024\" data-id=\"848\" src=\"https:\/\/petergunnar.photo\/wp-content\/uploads\/2023\/09\/1032-10320169-1024x1024.jpg\" alt=\"\" class=\"wp-image-848\" srcset=\"https:\/\/petergunnar.photo\/wp-content\/uploads\/2023\/09\/1032-10320169-1024x1024.jpg 1024w, https:\/\/petergunnar.photo\/wp-content\/uploads\/2023\/09\/1032-10320169-300x300.jpg 300w, https:\/\/petergunnar.photo\/wp-content\/uploads\/2023\/09\/1032-10320169-150x150.jpg 150w, https:\/\/petergunnar.photo\/wp-content\/uploads\/2023\/09\/1032-10320169-768x768.jpg 768w, https:\/\/petergunnar.photo\/wp-content\/uploads\/2023\/09\/1032-10320169-1536x1536.jpg 1536w, https:\/\/petergunnar.photo\/wp-content\/uploads\/2023\/09\/1032-10320169-2048x2048.jpg 2048w\" sizes=\"auto, (max-width: 1024px) 100vw, 1024px\" \/><\/figure>\n<\/figure>\n\n\n\n<p class=\"wp-block-paragraph\">Nous avons choisi ensemble le fond (neutre en \u00e9vitant le blanc, le gris et le noir) et l&rsquo;organisation a propos\u00e9 un code vestimentaire (couleurs, motifs et mati\u00e8res) pour traduire au mieux ce cahier des charges.<\/p>\n\n\n\n<div style=\"height:39px\" aria-hidden=\"true\" class=\"wp-block-spacer\"><\/div>\n\n\n\n<p class=\"wp-block-paragraph\">Trop statique? Peut-\u00eatre qu&rsquo;une approche \u00ab\u00a0reportage\u00a0\u00bb montrant les individus dans le feu de l&rsquo;action professionnelle mettra mieux en valeur votre identit\u00e9 d&rsquo;organisation?<\/p>\n\n\n\n<figure class=\"wp-block-gallery has-nested-images columns-default is-cropped wp-block-gallery-2 is-layout-flex wp-block-gallery-is-layout-flex\">\n<figure class=\"wp-block-image size-large\"><img loading=\"lazy\" decoding=\"async\" width=\"1024\" height=\"1024\" data-id=\"802\" src=\"https:\/\/petergunnar.photo\/wp-content\/uploads\/2023\/07\/1035-50-ans-EdAO-L1030844-1024x1024.jpg\" alt=\"\" class=\"wp-image-802\" srcset=\"https:\/\/petergunnar.photo\/wp-content\/uploads\/2023\/07\/1035-50-ans-EdAO-L1030844-1024x1024.jpg 1024w, https:\/\/petergunnar.photo\/wp-content\/uploads\/2023\/07\/1035-50-ans-EdAO-L1030844-300x300.jpg 300w, https:\/\/petergunnar.photo\/wp-content\/uploads\/2023\/07\/1035-50-ans-EdAO-L1030844-150x150.jpg 150w, https:\/\/petergunnar.photo\/wp-content\/uploads\/2023\/07\/1035-50-ans-EdAO-L1030844-768x768.jpg 768w, https:\/\/petergunnar.photo\/wp-content\/uploads\/2023\/07\/1035-50-ans-EdAO-L1030844-1536x1536.jpg 1536w, https:\/\/petergunnar.photo\/wp-content\/uploads\/2023\/07\/1035-50-ans-EdAO-L1030844-2048x2048.jpg 2048w\" sizes=\"auto, (max-width: 1024px) 100vw, 1024px\" \/><figcaption class=\"wp-element-caption\">2023 &#8211; Ecole de l&rsquo;Art Oratoire<\/figcaption><\/figure>\n\n\n\n<figure class=\"wp-block-image size-large\"><img loading=\"lazy\" decoding=\"async\" width=\"879\" height=\"1024\" data-id=\"805\" src=\"https:\/\/petergunnar.photo\/wp-content\/uploads\/2023\/07\/1035-50-ans-EdAO-L1030804-879x1024.jpg\" alt=\"\" class=\"wp-image-805\" srcset=\"https:\/\/petergunnar.photo\/wp-content\/uploads\/2023\/07\/1035-50-ans-EdAO-L1030804-879x1024.jpg 879w, https:\/\/petergunnar.photo\/wp-content\/uploads\/2023\/07\/1035-50-ans-EdAO-L1030804-257x300.jpg 257w, https:\/\/petergunnar.photo\/wp-content\/uploads\/2023\/07\/1035-50-ans-EdAO-L1030804-768x895.jpg 768w, https:\/\/petergunnar.photo\/wp-content\/uploads\/2023\/07\/1035-50-ans-EdAO-L1030804-1318x1536.jpg 1318w, https:\/\/petergunnar.photo\/wp-content\/uploads\/2023\/07\/1035-50-ans-EdAO-L1030804-1757x2048.jpg 1757w\" sizes=\"auto, (max-width: 879px) 100vw, 879px\" \/><figcaption class=\"wp-element-caption\">2023 &#8211; Ecole de l&rsquo;Art Oratoire<\/figcaption><\/figure>\n\n\n\n<figure class=\"wp-block-image size-large\"><img loading=\"lazy\" decoding=\"async\" width=\"1024\" height=\"1024\" data-id=\"814\" src=\"https:\/\/petergunnar.photo\/wp-content\/uploads\/2023\/07\/1035-50-ans-EdAO-L1030968-1024x1024.jpg\" alt=\"\" class=\"wp-image-814\" srcset=\"https:\/\/petergunnar.photo\/wp-content\/uploads\/2023\/07\/1035-50-ans-EdAO-L1030968-1024x1024.jpg 1024w, https:\/\/petergunnar.photo\/wp-content\/uploads\/2023\/07\/1035-50-ans-EdAO-L1030968-300x300.jpg 300w, https:\/\/petergunnar.photo\/wp-content\/uploads\/2023\/07\/1035-50-ans-EdAO-L1030968-150x150.jpg 150w, https:\/\/petergunnar.photo\/wp-content\/uploads\/2023\/07\/1035-50-ans-EdAO-L1030968-768x768.jpg 768w, https:\/\/petergunnar.photo\/wp-content\/uploads\/2023\/07\/1035-50-ans-EdAO-L1030968-1536x1536.jpg 1536w, https:\/\/petergunnar.photo\/wp-content\/uploads\/2023\/07\/1035-50-ans-EdAO-L1030968-2048x2048.jpg 2048w\" sizes=\"auto, (max-width: 1024px) 100vw, 1024px\" \/><figcaption class=\"wp-element-caption\">2023 &#8211; Ecole de l&rsquo;Art Oratoire<\/figcaption><\/figure>\n\n\n\n<figure class=\"wp-block-image size-large\"><img loading=\"lazy\" decoding=\"async\" width=\"1024\" height=\"783\" data-id=\"810\" src=\"https:\/\/petergunnar.photo\/wp-content\/uploads\/2023\/07\/1035-50-ans-EdAO-L1030895-1024x783.jpg\" alt=\"\" class=\"wp-image-810\" srcset=\"https:\/\/petergunnar.photo\/wp-content\/uploads\/2023\/07\/1035-50-ans-EdAO-L1030895-1024x783.jpg 1024w, https:\/\/petergunnar.photo\/wp-content\/uploads\/2023\/07\/1035-50-ans-EdAO-L1030895-300x229.jpg 300w, https:\/\/petergunnar.photo\/wp-content\/uploads\/2023\/07\/1035-50-ans-EdAO-L1030895-768x587.jpg 768w, https:\/\/petergunnar.photo\/wp-content\/uploads\/2023\/07\/1035-50-ans-EdAO-L1030895-1536x1174.jpg 1536w, https:\/\/petergunnar.photo\/wp-content\/uploads\/2023\/07\/1035-50-ans-EdAO-L1030895-2048x1566.jpg 2048w\" sizes=\"auto, (max-width: 1024px) 100vw, 1024px\" \/><figcaption class=\"wp-element-caption\"><br>2023 &#8211; Ecole de l&rsquo;Art Oratoire<\/figcaption><\/figure>\n<\/figure>\n\n\n\n<p class=\"wp-block-paragraph\">Reportage r\u00e9alis\u00e9 en 2023 lors des 50ans de l&rsquo;Ecole de l&rsquo;Art Oratoire, \u00e0 Paris.<\/p>\n\n\n\n<div style=\"height:53px\" aria-hidden=\"true\" class=\"wp-block-spacer\"><\/div>\n\n\n\n<p class=\"wp-block-paragraph\">Soignez votre image de professionnel ! Un portrait professionnel r\u00e9alis\u00e9 par un photographe sp\u00e9cialis\u00e9 vous montrera sous votre meilleur jour. <strong>On n&rsquo;a que rarement une 2\u00e8me chance de faire une bonne <a href=\"https:\/\/petergunnar.photo\/?p=515\" data-type=\"post\" data-id=\"515\">1\u00e8re impression<\/a> !<\/strong><\/p>\n\n\n\n<div class=\"wp-block-buttons is-layout-flex wp-block-buttons-is-layout-flex\">\n<div class=\"wp-block-button\"><a class=\"wp-block-button__link wp-element-button\" href=\"https:\/\/petergunnar.photo\/?page_id=43\">Contactez-moi !<\/a><\/div>\n<\/div>\n","protected":false},"excerpt":{"rendered":"<p>Savez-vous que la page \u00ab\u00a0Qui sommes-nous ?\u00a0\u00bb du site d&rsquo;une organisation est la plus souvent regard\u00e9e lors de la premi\u00e8re visite ? C&rsquo;est bien normal, car nous voulons savoir \u00e0 qui nous avons \u00e0 faire pour aller plus loin. Le \u00ab\u00a0Qui sommes-nous ?\u00a0\u00bb cr\u00e9\u00e9 la 1\u00e8re impression chez vos clients ou vos futurs employ\u00e9s. Imaginez [&hellip;]<\/p>\n","protected":false},"author":1,"featured_media":0,"parent":0,"menu_order":0,"comment_status":"closed","ping_status":"closed","template":"","meta":{"_crdt_document":"","footnotes":""},"class_list":["post-81","page","type-page","status-publish","hentry"],"_links":{"self":[{"href":"https:\/\/petergunnar.photo\/index.php?rest_route=\/wp\/v2\/pages\/81","targetHints":{"allow":["GET"]}}],"collection":[{"href":"https:\/\/petergunnar.photo\/index.php?rest_route=\/wp\/v2\/pages"}],"about":[{"href":"https:\/\/petergunnar.photo\/index.php?rest_route=\/wp\/v2\/types\/page"}],"author":[{"embeddable":true,"href":"https:\/\/petergunnar.photo\/index.php?rest_route=\/wp\/v2\/users\/1"}],"replies":[{"embeddable":true,"href":"https:\/\/petergunnar.photo\/index.php?rest_route=%2Fwp%2Fv2%2Fcomments&post=81"}],"version-history":[{"count":91,"href":"https:\/\/petergunnar.photo\/index.php?rest_route=\/wp\/v2\/pages\/81\/revisions"}],"predecessor-version":[{"id":918,"href":"https:\/\/petergunnar.photo\/index.php?rest_route=\/wp\/v2\/pages\/81\/revisions\/918"}],"wp:attachment":[{"href":"https:\/\/petergunnar.photo\/index.php?rest_route=%2Fwp%2Fv2%2Fmedia&parent=81"}],"curies":[{"name":"wp","href":"https:\/\/api.w.org\/{rel}","templated":true}]}}