{"id":701,"date":"2023-04-18T21:13:01","date_gmt":"2023-04-18T19:13:01","guid":{"rendered":"https:\/\/petergunnar.photo\/?page_id=701"},"modified":"2023-04-18T21:16:58","modified_gmt":"2023-04-18T19:16:58","slug":"le-portrait-dartiste","status":"publish","type":"page","link":"https:\/\/petergunnar.photo\/?page_id=701","title":{"rendered":"Le portrait d&rsquo;artiste"},"content":{"rendered":"\n<p class=\"wp-block-paragraph\">Pour vous com\u00e9dienne ou acteur, le book est le vecteur qui va vous permettre de montrer toutes les facettes de votre personnalit\u00e9. <\/p>\n\n\n\n<p class=\"wp-block-paragraph\">C&rsquo;est votre outil de travail; il doit \u00eatre irr\u00e9prochable.<\/p>\n\n\n\n<p class=\"wp-block-paragraph\">Autrement dit, votre book doit \u00eatre techniquement parfait au niveau de sa conception comme de sa r\u00e9alisation; le CV et les photos doivent former un ensemble fort,  vari\u00e9 et actuel.<\/p>\n\n\n\n<p class=\"wp-block-paragraph\">Pour la partie visuelle, je vous propose de r\u00e9aliser un ensemble de photos en ext\u00e9rieur, en studio, en lumi\u00e8re naturelle ainsi qu&rsquo;avec un \u00e9clairage artificiel. Les portraits combinent des portraits serr\u00e9s, de plans am\u00e9ricains et des portraits en pied. Et dans le but montrer tout votre potentiel, nous varierons les tenues et les accessoires.<\/p>\n\n\n\n<figure class=\"wp-block-image size-large\"><img loading=\"lazy\" decoding=\"async\" width=\"1024\" height=\"683\" src=\"https:\/\/petergunnar.photo\/wp-content\/uploads\/2023\/04\/P1139254-1024x683.jpg\" alt=\"\" class=\"wp-image-653\" srcset=\"https:\/\/petergunnar.photo\/wp-content\/uploads\/2023\/04\/P1139254-1024x683.jpg 1024w, https:\/\/petergunnar.photo\/wp-content\/uploads\/2023\/04\/P1139254-300x200.jpg 300w, https:\/\/petergunnar.photo\/wp-content\/uploads\/2023\/04\/P1139254-768x512.jpg 768w, https:\/\/petergunnar.photo\/wp-content\/uploads\/2023\/04\/P1139254-1536x1024.jpg 1536w, https:\/\/petergunnar.photo\/wp-content\/uploads\/2023\/04\/P1139254-2048x1365.jpg 2048w\" sizes=\"auto, (max-width: 1024px) 100vw, 1024px\" \/><figcaption class=\"wp-element-caption\">2023 &#8211; TTC<\/figcaption><\/figure>\n\n\n\n<p class=\"wp-block-paragraph\">Se faire photographier est une exp\u00e9rience diff\u00e9rente de celle du plateau; pour r\u00e9ussir ses portraits, il est important d&rsquo;\u00eatre guid\u00e9 par quelqu&rsquo;un qui pratique le jeu d&rsquo;acteur et maitrise l&rsquo;art et la technique du portrait photographique.<\/p>\n\n\n\n<p class=\"wp-block-paragraph\">Concr\u00e8tement, apr\u00e8s un premier \u00e9change pour se connaitre (r\u00e9ciproquement!) et d\u00e9terminer les principaux axes de travail (pour assurer un fort couplage entre les textes et les photos), nous r\u00e9aliserons les prises de vues en studio puis en ext\u00e9rieur. <\/p>\n\n\n\n<p class=\"wp-block-paragraph\">Je mets \u00e0 disposition toutes les photos r\u00e9alis\u00e9es dans une galerie personnelle, s\u00e9curis\u00e9e. Vous choisissez celles qui vous plaisent qui sont retravaill\u00e9es puis livr\u00e9es sous forme de fichier image en haute d\u00e9finition. <\/p>\n\n\n\n<p class=\"wp-block-paragraph\">Le prix comporte une partie fixe, correspondant au temps pass\u00e9 en prise de vue, et une partie variable d\u00e9pendant du nombre de photos s\u00e9lectionn\u00e9es. <\/p>\n\n\n\n<p class=\"wp-block-paragraph\">Le d\u00e9lai standard de traitement est d&rsquo;une semaine, le mode \u00ab\u00a0Rush\u00a0\u00bb est possible en option.<\/p>\n","protected":false},"excerpt":{"rendered":"<p>Pour vous com\u00e9dienne ou acteur, le book est le vecteur qui va vous permettre de montrer toutes les facettes de votre personnalit\u00e9. C&rsquo;est votre outil de travail; il doit \u00eatre irr\u00e9prochable. Autrement dit, votre book doit \u00eatre techniquement parfait au niveau de sa conception comme de sa r\u00e9alisation; le CV et les photos doivent former [&hellip;]<\/p>\n","protected":false},"author":1,"featured_media":0,"parent":3,"menu_order":0,"comment_status":"closed","ping_status":"closed","template":"","meta":{"_crdt_document":"","footnotes":""},"class_list":["post-701","page","type-page","status-publish","hentry"],"_links":{"self":[{"href":"https:\/\/petergunnar.photo\/index.php?rest_route=\/wp\/v2\/pages\/701","targetHints":{"allow":["GET"]}}],"collection":[{"href":"https:\/\/petergunnar.photo\/index.php?rest_route=\/wp\/v2\/pages"}],"about":[{"href":"https:\/\/petergunnar.photo\/index.php?rest_route=\/wp\/v2\/types\/page"}],"author":[{"embeddable":true,"href":"https:\/\/petergunnar.photo\/index.php?rest_route=\/wp\/v2\/users\/1"}],"replies":[{"embeddable":true,"href":"https:\/\/petergunnar.photo\/index.php?rest_route=%2Fwp%2Fv2%2Fcomments&post=701"}],"version-history":[{"count":4,"href":"https:\/\/petergunnar.photo\/index.php?rest_route=\/wp\/v2\/pages\/701\/revisions"}],"predecessor-version":[{"id":706,"href":"https:\/\/petergunnar.photo\/index.php?rest_route=\/wp\/v2\/pages\/701\/revisions\/706"}],"up":[{"embeddable":true,"href":"https:\/\/petergunnar.photo\/index.php?rest_route=\/wp\/v2\/pages\/3"}],"wp:attachment":[{"href":"https:\/\/petergunnar.photo\/index.php?rest_route=%2Fwp%2Fv2%2Fmedia&parent=701"}],"curies":[{"name":"wp","href":"https:\/\/api.w.org\/{rel}","templated":true}]}}