{"id":7,"date":"2023-03-09T14:43:50","date_gmt":"2023-03-09T13:43:50","guid":{"rendered":"https:\/\/petergunnar.photo\/?page_id=7"},"modified":"2023-06-24T19:36:01","modified_gmt":"2023-06-24T17:36:01","slug":"petergunnar","status":"publish","type":"page","link":"https:\/\/petergunnar.photo\/?page_id=7","title":{"rendered":"\u00e0 propos de ma d\u00e9marche"},"content":{"rendered":"\n<p class=\"wp-block-paragraph\">Ma d\u00e9marche photographique r\u00e9sulte de mon histoire professionnelle et des rencontres qui m&rsquo;ont nourri. Vous pouvez en lire un r\u00e9sum\u00e9 <a rel=\"noreferrer noopener\" href=\"https:\/\/petergunnar.photo\/?page_id=345\" data-type=\"page\" data-id=\"345\" target=\"_blank\">ici<\/a> ou ne retenir que ce qui suit :<\/p>\n\n\n\n<div class=\"wp-block-columns is-layout-flex wp-container-core-columns-is-layout-7387b849 wp-block-columns-is-layout-flex\">\n<div class=\"wp-block-column is-vertically-aligned-center is-layout-flow wp-block-column-is-layout-flow\" style=\"padding-top:var(--wp--preset--spacing--30);padding-right:var(--wp--preset--spacing--30);padding-bottom:var(--wp--preset--spacing--30);padding-left:var(--wp--preset--spacing--30);flex-basis:66.66%\">\n<ul class=\"wp-block-list\">\n<li>Un amour de la photo, depuis la pellicule jusqu&rsquo;au pixel.<\/li>\n\n\n\n<li>Une longue carri\u00e8re dans les ventes internationales en petites et moyennes entreprises, avec des rencontres magnifiques.<\/li>\n\n\n\n<li>Une passion d\u00e9couverte sur le tard pour le th\u00e9\u00e2tre, le jeu du com\u00e9dien et le travail en \u00e9quipe sur le plateau.<\/li>\n\n\n\n<li>Une vision du monde qui met la relation avec l&rsquo;autre (et avec soi-m\u00eame) au centre de toutes nos activit\u00e9s.<\/li>\n\n\n\n<li>Une attitude faite de bienveillance sans complaisance, d&rsquo;optimisme lucide, d&rsquo;exigence et de responsabilit\u00e9, de curiosit\u00e9 et de loyaut\u00e9.<\/li>\n\n\n\n<li>Je suis un multiculturel natif ! <\/li>\n<\/ul>\n<\/div>\n\n\n\n<div class=\"wp-block-column is-vertically-aligned-center is-layout-flow wp-block-column-is-layout-flow\" style=\"flex-basis:100%\">\n<figure class=\"wp-block-image aligncenter size-full\"><img loading=\"lazy\" decoding=\"async\" width=\"640\" height=\"407\" src=\"https:\/\/petergunnar.photo\/wp-content\/uploads\/2023\/03\/2021-11-Claude.png\" alt=\"\" class=\"wp-image-5\" srcset=\"https:\/\/petergunnar.photo\/wp-content\/uploads\/2023\/03\/2021-11-Claude.png 640w, https:\/\/petergunnar.photo\/wp-content\/uploads\/2023\/03\/2021-11-Claude-300x191.png 300w\" sizes=\"auto, (max-width: 640px) 100vw, 640px\" \/><\/figure>\n\n\n\n<figure class=\"wp-block-image aligncenter size-large\"><img loading=\"lazy\" decoding=\"async\" width=\"1024\" height=\"768\" src=\"https:\/\/petergunnar.photo\/wp-content\/uploads\/2023\/06\/1022-Timon-dAthenes-P1140946-1024x768.jpg\" alt=\"\" class=\"wp-image-766\" srcset=\"https:\/\/petergunnar.photo\/wp-content\/uploads\/2023\/06\/1022-Timon-dAthenes-P1140946-1024x768.jpg 1024w, https:\/\/petergunnar.photo\/wp-content\/uploads\/2023\/06\/1022-Timon-dAthenes-P1140946-300x225.jpg 300w, https:\/\/petergunnar.photo\/wp-content\/uploads\/2023\/06\/1022-Timon-dAthenes-P1140946-768x576.jpg 768w, https:\/\/petergunnar.photo\/wp-content\/uploads\/2023\/06\/1022-Timon-dAthenes-P1140946.jpg 1080w\" sizes=\"auto, (max-width: 1024px) 100vw, 1024px\" \/><\/figure>\n<\/div>\n<\/div>\n\n\n\n<p class=\"wp-block-paragraph\"><strong>Mon cr\u00e9do ?<\/strong><\/p>\n\n\n\n<p class=\"has-text-align-center wp-block-paragraph\"><strong> La relation du photographe avec le mod\u00e8le est le principal facteur de r\u00e9ussite d&rsquo;un portrait<\/strong><\/p>\n\n\n\n<p class=\"has-text-align-center wp-block-paragraph\"><em>Etablir un lien avec le mod\u00e8le, c\u2019est l\u2019aider \u00e0 construire et aimer son image.<\/em><\/p>\n\n\n\n<p class=\"wp-block-paragraph\">Gr\u00e2ce \u00e0 mon parcours, j&rsquo;aime rencontrer des personnes de cultures et d&rsquo;univers diff\u00e9rents&nbsp;: Entreprises PME \/ CAC40 \/ Ind\u00e9pendants, Dirigeants, Managers et collaborateurs \/ Artistes \/ pays, secteurs et responsabilit\u00e9s vari\u00e9s.&nbsp;<\/p>\n","protected":false},"excerpt":{"rendered":"<p>Ma d\u00e9marche photographique r\u00e9sulte de mon histoire professionnelle et des rencontres qui m&rsquo;ont nourri. Vous pouvez en lire un r\u00e9sum\u00e9 ici ou ne retenir que ce qui suit : Mon cr\u00e9do ? La relation du photographe avec le mod\u00e8le est le principal facteur de r\u00e9ussite d&rsquo;un portrait Etablir un lien avec le mod\u00e8le, c\u2019est l\u2019aider [&hellip;]<\/p>\n","protected":false},"author":1,"featured_media":0,"parent":0,"menu_order":0,"comment_status":"closed","ping_status":"closed","template":"","meta":{"_crdt_document":"","footnotes":""},"class_list":["post-7","page","type-page","status-publish","hentry"],"_links":{"self":[{"href":"https:\/\/petergunnar.photo\/index.php?rest_route=\/wp\/v2\/pages\/7","targetHints":{"allow":["GET"]}}],"collection":[{"href":"https:\/\/petergunnar.photo\/index.php?rest_route=\/wp\/v2\/pages"}],"about":[{"href":"https:\/\/petergunnar.photo\/index.php?rest_route=\/wp\/v2\/types\/page"}],"author":[{"embeddable":true,"href":"https:\/\/petergunnar.photo\/index.php?rest_route=\/wp\/v2\/users\/1"}],"replies":[{"embeddable":true,"href":"https:\/\/petergunnar.photo\/index.php?rest_route=%2Fwp%2Fv2%2Fcomments&post=7"}],"version-history":[{"count":53,"href":"https:\/\/petergunnar.photo\/index.php?rest_route=\/wp\/v2\/pages\/7\/revisions"}],"predecessor-version":[{"id":768,"href":"https:\/\/petergunnar.photo\/index.php?rest_route=\/wp\/v2\/pages\/7\/revisions\/768"}],"wp:attachment":[{"href":"https:\/\/petergunnar.photo\/index.php?rest_route=%2Fwp%2Fv2%2Fmedia&parent=7"}],"curies":[{"name":"wp","href":"https:\/\/api.w.org\/{rel}","templated":true}]}}