{"id":456,"date":"2023-03-28T14:56:54","date_gmt":"2023-03-28T12:56:54","guid":{"rendered":"https:\/\/petergunnar.photo\/?page_id=456"},"modified":"2023-10-25T16:47:14","modified_gmt":"2023-10-25T14:47:14","slug":"le-portrait-individuel","status":"publish","type":"page","link":"https:\/\/petergunnar.photo\/?page_id=456","title":{"rendered":"Le portrait individuel"},"content":{"rendered":"\n<p class=\"wp-block-paragraph\">En situation de recrutement, de repr\u00e9sentation ou de management, l\u2019image per\u00e7ue par l&rsquo;autre contribue fortement \u00e0 la qualit\u00e9 de la relation qui va se cr\u00e9er. <\/p>\n\n\n\n<p class=\"wp-block-paragraph\">C&rsquo;est, encore une fois, la <a href=\"https:\/\/petergunnar.photo\/?p=515\" data-type=\"post\" data-id=\"515\">1\u00e8re impression<\/a> qui en est le socle. Soigner cette 1ere impression est donc fondamental pour tout professionnel. <\/p>\n\n\n\n<p class=\"wp-block-paragraph\">Selon la fonction occup\u00e9e (ou vis\u00e9e&#8230;) l&rsquo;image professionnelle n&rsquo;est pas forc\u00e9ment la m\u00eame : une directrice commerciale, un responsable juridique, une cheffe de service \u00ab\u00a0m\u00e9diation et relations avec les collectivit\u00e9s locales\u00a0\u00bb auront des photos diff\u00e9rentes. De plus, un professionnel doit veiller \u00e0 ce que l\u2019image qu\u2019il\/elle projette soit <strong>en ligne avec ses valeurs personnelles<\/strong>, ainsi qu\u2019avec <strong>l&rsquo;image qu&rsquo;il se fait de lui-m\u00eame<\/strong>.<\/p>\n\n\n\n<p class=\"wp-block-paragraph\">Cette <strong>d\u00e9marche d&rsquo;alignement<\/strong> suppose aussi un effort de la part du mod\u00e8le : <strong>oser<\/strong> se laisser guider par un photographe pour sortir de sa zone de confort, <strong>oser<\/strong> des postures diff\u00e9rentes et\/ou nouvelles. <\/p>\n\n\n\n<p class=\"wp-block-paragraph\"><\/p>\n\n\n\n<div class=\"wp-block-columns is-layout-flex wp-container-core-columns-is-layout-7387b849 wp-block-columns-is-layout-flex\">\n<div class=\"wp-block-column is-layout-flow wp-block-column-is-layout-flow\" style=\"flex-basis:100%\">\n<figure class=\"wp-block-image size-large\"><img loading=\"lazy\" decoding=\"async\" width=\"1024\" height=\"1024\" src=\"https:\/\/petergunnar.photo\/wp-content\/uploads\/2023\/03\/2022-02-18-Intermines-Portraits-S-2155-1024x1024.jpg\" alt=\"\" class=\"wp-image-136\" srcset=\"https:\/\/petergunnar.photo\/wp-content\/uploads\/2023\/03\/2022-02-18-Intermines-Portraits-S-2155-1024x1024.jpg 1024w, https:\/\/petergunnar.photo\/wp-content\/uploads\/2023\/03\/2022-02-18-Intermines-Portraits-S-2155-300x300.jpg 300w, https:\/\/petergunnar.photo\/wp-content\/uploads\/2023\/03\/2022-02-18-Intermines-Portraits-S-2155-150x150.jpg 150w, https:\/\/petergunnar.photo\/wp-content\/uploads\/2023\/03\/2022-02-18-Intermines-Portraits-S-2155-768x768.jpg 768w, https:\/\/petergunnar.photo\/wp-content\/uploads\/2023\/03\/2022-02-18-Intermines-Portraits-S-2155-1536x1536.jpg 1536w, https:\/\/petergunnar.photo\/wp-content\/uploads\/2023\/03\/2022-02-18-Intermines-Portraits-S-2155-2048x2048.jpg 2048w\" sizes=\"auto, (max-width: 1024px) 100vw, 1024px\" \/><figcaption class=\"wp-element-caption\">2022<\/figcaption><\/figure>\n<\/div>\n<\/div>\n\n\n\n<p class=\"wp-block-paragraph\"><strong>Oser quelque chose de nouveau<\/strong> peut parfois entrainer un changement des mod\u00e8les mentaux de la personne, de sa mani\u00e8re de voir le monde et son regard sur lui\/elle-m\u00eame : \u00ab finalement, ce portrait, c\u2019est aussi moi \u00bb.<\/p>\n\n\n\n<p class=\"wp-block-paragraph\">Cette d\u00e9marche d&rsquo;alignement est particuli\u00e8rement indiqu\u00e9e lorsqu&rsquo;il s&rsquo;agit de situations de changement professionnel : que ce soit lors d&rsquo;une candidature, ou la prise de fonction dans un nouveau r\u00f4le ou une nouvelle entreprise, travailler son image est une \u00e9tape indispensable. <\/p>\n\n\n\n<p class=\"wp-block-paragraph\">Cr\u00e9er un portrait align\u00e9 est une d\u00e9marche diff\u00e9rente du portrait \u00ab\u00a0corporate\u00a0\u00bb, car elle va plus loin et combine :<\/p>\n\n\n\n<ul class=\"wp-block-list\">\n<li>la technique photographique et la direction de mod\u00e8le<\/li>\n\n\n\n<li>la dimension coaching professionel pour l&rsquo;alignement<\/li>\n\n\n\n<li>les techniques de th\u00e9\u00e2tre dans leurs dimensions \u00ab\u00a0entr\u00e9e en sc\u00e8ne\u00a0\u00bb et \u00ab\u00a0prise de parole\u00a0\u00bb<\/li>\n<\/ul>\n\n\n\n<p class=\"wp-block-paragraph\">C&rsquo;est un travail que nous assurons \u00e0 deux, avec ma partenaire professionnelle Agn\u00e8s. Je connais Agn\u00e8s depuis longtemps; com\u00e9dienne \u00e0 l&rsquo;origine, elle anime avec enthousiasme depuis plus de 7 ans son activit\u00e9 de formation <a href=\"http:\/\/www.formactrice.com\" data-type=\"URL\" data-id=\"www.formactrice.com\">FORMACTRICE<\/a>, d\u00e9di\u00e9e \u00e0 la prise de parole \u00e0 la communication orale et aux comportements relationnels et postures professionnels. <\/p>\n\n\n\n<div class=\"wp-block-buttons is-layout-flex wp-block-buttons-is-layout-flex\">\n<div class=\"wp-block-button\"><a class=\"wp-block-button__link wp-element-button\" href=\"https:\/\/petergunnar.photo\/?page_id=43\">Contactez-moi<\/a><\/div>\n<\/div>\n\n\n\n<p class=\"wp-block-paragraph\"><\/p>\n","protected":false},"excerpt":{"rendered":"<p>En situation de recrutement, de repr\u00e9sentation ou de management, l\u2019image per\u00e7ue par l&rsquo;autre contribue fortement \u00e0 la qualit\u00e9 de la relation qui va se cr\u00e9er. C&rsquo;est, encore une fois, la 1\u00e8re impression qui en est le socle. Soigner cette 1ere impression est donc fondamental pour tout professionnel. Selon la fonction occup\u00e9e (ou vis\u00e9e&#8230;) l&rsquo;image professionnelle [&hellip;]<\/p>\n","protected":false},"author":1,"featured_media":0,"parent":33,"menu_order":0,"comment_status":"closed","ping_status":"closed","template":"","meta":{"_crdt_document":"","footnotes":""},"class_list":["post-456","page","type-page","status-publish","hentry"],"_links":{"self":[{"href":"https:\/\/petergunnar.photo\/index.php?rest_route=\/wp\/v2\/pages\/456","targetHints":{"allow":["GET"]}}],"collection":[{"href":"https:\/\/petergunnar.photo\/index.php?rest_route=\/wp\/v2\/pages"}],"about":[{"href":"https:\/\/petergunnar.photo\/index.php?rest_route=\/wp\/v2\/types\/page"}],"author":[{"embeddable":true,"href":"https:\/\/petergunnar.photo\/index.php?rest_route=\/wp\/v2\/users\/1"}],"replies":[{"embeddable":true,"href":"https:\/\/petergunnar.photo\/index.php?rest_route=%2Fwp%2Fv2%2Fcomments&post=456"}],"version-history":[{"count":23,"href":"https:\/\/petergunnar.photo\/index.php?rest_route=\/wp\/v2\/pages\/456\/revisions"}],"predecessor-version":[{"id":891,"href":"https:\/\/petergunnar.photo\/index.php?rest_route=\/wp\/v2\/pages\/456\/revisions\/891"}],"up":[{"embeddable":true,"href":"https:\/\/petergunnar.photo\/index.php?rest_route=\/wp\/v2\/pages\/33"}],"wp:attachment":[{"href":"https:\/\/petergunnar.photo\/index.php?rest_route=%2Fwp%2Fv2%2Fmedia&parent=456"}],"curies":[{"name":"wp","href":"https:\/\/api.w.org\/{rel}","templated":true}]}}