{"id":43,"date":"2023-03-09T19:40:34","date_gmt":"2023-03-09T18:40:34","guid":{"rendered":"https:\/\/petergunnar.photo\/?page_id=43"},"modified":"2023-11-26T15:47:50","modified_gmt":"2023-11-26T14:47:50","slug":"contact-petergunnar","status":"publish","type":"page","link":"https:\/\/petergunnar.photo\/?page_id=43","title":{"rendered":"Contact PeterGunnar"},"content":{"rendered":"\n<p class=\"wp-block-paragraph\">Je peux \u00eatre joint par courriel \u00e0 l&rsquo;adresse suivante : claude(\u00e0)PeterGunnar.photo<\/p>\n\n\n\n<div class=\"wp-block-columns is-layout-flex wp-container-core-columns-is-layout-7387b849 wp-block-columns-is-layout-flex\">\n<div class=\"wp-block-column is-vertically-aligned-center is-layout-flow wp-block-column-is-layout-flow\">\n<p class=\"has-text-align-right wp-block-paragraph\">Et sur Instagram, c&rsquo;est ici:<\/p>\n<\/div>\n\n\n\n<div class=\"wp-block-column is-layout-flow wp-block-column-is-layout-flow\">\n<figure class=\"wp-block-image size-large is-resized\"><img loading=\"lazy\" decoding=\"async\" width=\"891\" height=\"1024\" src=\"https:\/\/petergunnar.photo\/wp-content\/uploads\/2023\/07\/petergunnar_photo_qr-891x1024.png\" alt=\"\" class=\"wp-image-788\" style=\"aspect-ratio:1;object-fit:cover;width:200px;height:undefinedpx\" srcset=\"https:\/\/petergunnar.photo\/wp-content\/uploads\/2023\/07\/petergunnar_photo_qr-891x1024.png 891w, https:\/\/petergunnar.photo\/wp-content\/uploads\/2023\/07\/petergunnar_photo_qr-261x300.png 261w, https:\/\/petergunnar.photo\/wp-content\/uploads\/2023\/07\/petergunnar_photo_qr-768x882.png 768w, https:\/\/petergunnar.photo\/wp-content\/uploads\/2023\/07\/petergunnar_photo_qr-1337x1536.png 1337w, https:\/\/petergunnar.photo\/wp-content\/uploads\/2023\/07\/petergunnar_photo_qr-1783x2048.png 1783w\" sizes=\"auto, (max-width: 891px) 100vw, 891px\" \/><\/figure>\n<\/div>\n<\/div>\n","protected":false},"excerpt":{"rendered":"<p>Je peux \u00eatre joint par courriel \u00e0 l&rsquo;adresse suivante : claude(\u00e0)PeterGunnar.photo Et sur Instagram, c&rsquo;est ici:<\/p>\n","protected":false},"author":1,"featured_media":5,"parent":0,"menu_order":0,"comment_status":"closed","ping_status":"closed","template":"","meta":{"_crdt_document":"","footnotes":""},"class_list":["post-43","page","type-page","status-publish","has-post-thumbnail","hentry"],"_links":{"self":[{"href":"https:\/\/petergunnar.photo\/index.php?rest_route=\/wp\/v2\/pages\/43","targetHints":{"allow":["GET"]}}],"collection":[{"href":"https:\/\/petergunnar.photo\/index.php?rest_route=\/wp\/v2\/pages"}],"about":[{"href":"https:\/\/petergunnar.photo\/index.php?rest_route=\/wp\/v2\/types\/page"}],"author":[{"embeddable":true,"href":"https:\/\/petergunnar.photo\/index.php?rest_route=\/wp\/v2\/users\/1"}],"replies":[{"embeddable":true,"href":"https:\/\/petergunnar.photo\/index.php?rest_route=%2Fwp%2Fv2%2Fcomments&post=43"}],"version-history":[{"count":11,"href":"https:\/\/petergunnar.photo\/index.php?rest_route=\/wp\/v2\/pages\/43\/revisions"}],"predecessor-version":[{"id":902,"href":"https:\/\/petergunnar.photo\/index.php?rest_route=\/wp\/v2\/pages\/43\/revisions\/902"}],"wp:featuredmedia":[{"embeddable":true,"href":"https:\/\/petergunnar.photo\/index.php?rest_route=\/wp\/v2\/media\/5"}],"wp:attachment":[{"href":"https:\/\/petergunnar.photo\/index.php?rest_route=%2Fwp%2Fv2%2Fmedia&parent=43"}],"curies":[{"name":"wp","href":"https:\/\/api.w.org\/{rel}","templated":true}]}}