{"id":345,"date":"2023-03-22T17:28:23","date_gmt":"2023-03-22T16:28:23","guid":{"rendered":"https:\/\/petergunnar.photo\/?page_id=345"},"modified":"2023-04-18T13:57:17","modified_gmt":"2023-04-18T11:57:17","slug":"mon-histoire","status":"publish","type":"page","link":"https:\/\/petergunnar.photo\/?page_id=345","title":{"rendered":"PeterGunnar &#8211; Mon histoire"},"content":{"rendered":"\n<ul class=\"wp-block-list\">\n<li><strong>un ADN multiculturel Natif <\/strong><\/li>\n<\/ul>\n\n\n\n<p class=\"wp-block-paragraph\">N\u00e9 en France \u00e0 Lyon, de m\u00e8re su\u00e9doise (<strong>Peter Gunnar vient de l\u00e0 !<\/strong>) et de p\u00e8re fran\u00e7ais, j\u2019ai pass\u00e9 ma petite enfance \u00e0 Stockholm, puis \u00e0 Nice, et les Etats-Unis \u00e0 l\u2019\u00e2ge de 9 ans en immersion totale. Cela d\u00e9veloppa chez moi une grande autonomie et une culture am\u00e9ricano-franco-scandinave ancr\u00e9e dans l&rsquo;exp\u00e9rience.<\/p>\n\n\n\n<p class=\"wp-block-paragraph\">Apr\u00e8s des \u00e9tudes techniques en France (<em>Ing\u00e9nieur des Mines<\/em>), je suis parti ensuite au Maroc en coop\u00e9ration sur le chantier d\u2019une raffinerie. J\u2019ai aim\u00e9 les d\u00e9couvertes, l\u2019aventure et le c\u00f4t\u00e9 baroudeur que m\u2019a procur\u00e9 cette exp\u00e9rience.&nbsp;<\/p>\n\n\n\n<p class=\"wp-block-paragraph\">Apr\u00e8s quelques aventures entrepreneuriales (en informatique), j\u2019int\u00e8gre une soci\u00e9t\u00e9 ard\u00e9choise de syst\u00e8mes telecom et de paiement et je conduis des missions commerciales \u00e0 l\u2019international. Je travaille alors avec de nombreux partenaires dans des pays tels le Japon, la Chine, l\u2019Europe, l\u2019Afrique du Sud, etc. Avec mon adaptabilit\u00e9 naturelle, j\u2019apprends rapidement la vente \u00e0 des cultures tr\u00e8s diff\u00e9rentes des miennes. J\u2019ai toujours \u00e9t\u00e9 attir\u00e9 par la diversit\u00e9 de l\u2019autre, par l\u2019humain.\u00a0<\/p>\n\n\n\n<p class=\"wp-block-paragraph\">Tous ces voyages, ces pays visit\u00e9s, ces projets professionnels et ces cultures diff\u00e9rentes ont fait de moi un \u00ab\u00a0multiculturel natif\u00a0\u00bb comme j\u2019aime \u00e0 me d\u00e9finir moi-m\u00eame.<\/p>\n\n\n\n<ul class=\"wp-block-list\">\n<li><strong>Une passion pour la photo<\/strong><\/li>\n<\/ul>\n\n\n\n<p class=\"wp-block-paragraph\">Au sortir de la petite enfance, je r\u00e9alise mes premi\u00e8res photos, avec l\u2019aide de mon p\u00e8re et de mon oncle, photographes amateurs depuis les ann\u00e9es 60 (on est \u00e0 l\u2019\u00e9poque de la pellicule, du d\u00e9veloppement, des planches contact et du tirage papier). J\u2019aime l\u2019appareil photo en tant qu\u2019objet avec une m\u00e9canique pr\u00e9cise qui offre un beau r\u00e9sultat.\u00a0<\/p>\n\n\n\n<p class=\"wp-block-paragraph\">Pour mes 18 ans, j\u2019ai re\u00e7u en cadeau un Pentax K1000 avec un 50 mm qui ouvrait \u00e0 2. J\u2019ai commenc\u00e9 ensuite \u00e0 investir dans des objectifs et du bon mat\u00e9riel qui m\u2019ont permis de tester diff\u00e9rentes fa\u00e7ons de prendre des photos \u00e0 grande ouverture d\u2019objectifs. J\u2019aime travailler cette technique qui permet de faire du net et du flou afin d\u2019accentuer certaines parties du visage de la personne. Aujourd\u2019hui je travaille \u00e0 la fois en lumi\u00e8re naturelle pour la douceur ainsi qu\u2019au flash, pour les possibilit\u00e9s d\u2019\u00e9clairages propos\u00e9es.<\/p>\n\n\n\n<p class=\"wp-block-paragraph\">J\u2019ai r\u00e9alis\u00e9 beaucoup de shootings dans des circonstances semi-professionnelles. Aujourd\u2019hui je fais de ma passion pour la photo, mon m\u00e9tier.<\/p>\n\n\n\n<p class=\"wp-block-paragraph\">Je suis par d\u2019ailleurs Conseiller Carri\u00e8re \u00e0 Intermines (<em>Association des anciens \u00e9l\u00e8ves de l\u2019\u00e9cole des Mines)<\/em>&nbsp;et en suis le photographe officiel \u00e0 titre b\u00e9n\u00e9vole depuis 2019.<\/p>\n\n\n\n<ul class=\"wp-block-list\">\n<li><strong>Quand la photo rejoint le spectacle vivant.<\/strong><\/li>\n<\/ul>\n\n\n\n<p class=\"wp-block-paragraph\">J\u2019ai commenc\u00e9 le th\u00e9\u00e2tre en 2019 et me suis vite rendu compte, qu\u2019au fond, j\u2019en avais envie depuis longtemps. J\u2019adore avoir peur sans grandes cons\u00e9quences. Sortir des coulisses dans le noir et \u00eatre sous la lumi\u00e8re.&nbsp;&nbsp;La premi\u00e8re fois, en mai 2020, j\u2019ai donn\u00e9 un monologue, ce fut &#8230; une r\u00e9v\u00e9lation!<\/p>\n\n\n\n<p class=\"wp-block-paragraph\">C\u2019\u00e9tait le prolongement naturel d\u2019une facette du m\u00e9tier de commercial quand on pr\u00e9sente devant une assembl\u00e9e. C\u2019est du challenge personnel face \u00e0 des peurs suppos\u00e9es.&nbsp;<\/p>\n\n\n\n<p class=\"wp-block-paragraph\">C\u2019est la joie de l\u2019interpr\u00e9tation sur sc\u00e8ne, dans la dict\u00e9e du texte. La premi\u00e8re grande d\u00e9couverte fut lors d\u2019un duo sur un texte de Jo\u00ebl Pommerat. Avec ma partenaire de plateau, nous avons interpr\u00e9t\u00e9 la sc\u00e8ne de 3 mani\u00e8res diff\u00e9rentes : boulevard, psychologique, tragique, sans changer une virgule au texte, uniquement par le jeu des intonations, des silences, du rythme du texte.&nbsp;<\/p>\n\n\n\n<p class=\"wp-block-paragraph\">La deuxi\u00e8me d\u00e9couverte fut celle du corps (\u00e0 mon \u00e2ge il serait temps, non&nbsp;?)&nbsp;: comment dire des choses avec la posture, les mouvements &#8211; ou l&rsquo;absence de -, le rythme&nbsp;?<\/p>\n\n\n\n<figure class=\"wp-block-image aligncenter size-large is-resized\"><img loading=\"lazy\" decoding=\"async\" src=\"https:\/\/petergunnar.photo\/wp-content\/uploads\/2023\/04\/P1139274-1024x683.jpg\" alt=\"\" class=\"wp-image-654\" width=\"500\" height=\"333\" srcset=\"https:\/\/petergunnar.photo\/wp-content\/uploads\/2023\/04\/P1139274-1024x683.jpg 1024w, https:\/\/petergunnar.photo\/wp-content\/uploads\/2023\/04\/P1139274-300x200.jpg 300w, https:\/\/petergunnar.photo\/wp-content\/uploads\/2023\/04\/P1139274-768x512.jpg 768w, https:\/\/petergunnar.photo\/wp-content\/uploads\/2023\/04\/P1139274-1536x1024.jpg 1536w, https:\/\/petergunnar.photo\/wp-content\/uploads\/2023\/04\/P1139274-2048x1365.jpg 2048w\" sizes=\"auto, (max-width: 500px) 100vw, 500px\" \/><figcaption class=\"wp-element-caption\">2023 &#8211; TTC<\/figcaption><\/figure>\n\n\n\n<p class=\"wp-block-paragraph\">Ce sont ces id\u00e9es que j\u2019utilise dans la fabrication d\u2019un portrait&nbsp;avec un mod\u00e8le : il s\u2019agit d\u2019amener en peu de temps une personne \u00e0 prendre conscience du pouvoir de son corps dans la communication. Cela demande d\u2019\u00e9tablir un rapport de confiance et c\u2019est le premier d\u00e9fi que je cherche \u00e0 surmonter.<\/p>\n","protected":false},"excerpt":{"rendered":"<p>N\u00e9 en France \u00e0 Lyon, de m\u00e8re su\u00e9doise (Peter Gunnar vient de l\u00e0 !) et de p\u00e8re fran\u00e7ais, j\u2019ai pass\u00e9 ma petite enfance \u00e0 Stockholm, puis \u00e0 Nice, et les Etats-Unis \u00e0 l\u2019\u00e2ge de 9 ans en immersion totale. Cela d\u00e9veloppa chez moi une grande autonomie et une culture am\u00e9ricano-franco-scandinave ancr\u00e9e dans l&rsquo;exp\u00e9rience. Apr\u00e8s des [&hellip;]<\/p>\n","protected":false},"author":1,"featured_media":0,"parent":0,"menu_order":0,"comment_status":"closed","ping_status":"closed","template":"","meta":{"_crdt_document":"","footnotes":""},"class_list":["post-345","page","type-page","status-publish","hentry"],"_links":{"self":[{"href":"https:\/\/petergunnar.photo\/index.php?rest_route=\/wp\/v2\/pages\/345","targetHints":{"allow":["GET"]}}],"collection":[{"href":"https:\/\/petergunnar.photo\/index.php?rest_route=\/wp\/v2\/pages"}],"about":[{"href":"https:\/\/petergunnar.photo\/index.php?rest_route=\/wp\/v2\/types\/page"}],"author":[{"embeddable":true,"href":"https:\/\/petergunnar.photo\/index.php?rest_route=\/wp\/v2\/users\/1"}],"replies":[{"embeddable":true,"href":"https:\/\/petergunnar.photo\/index.php?rest_route=%2Fwp%2Fv2%2Fcomments&post=345"}],"version-history":[{"count":12,"href":"https:\/\/petergunnar.photo\/index.php?rest_route=\/wp\/v2\/pages\/345\/revisions"}],"predecessor-version":[{"id":697,"href":"https:\/\/petergunnar.photo\/index.php?rest_route=\/wp\/v2\/pages\/345\/revisions\/697"}],"wp:attachment":[{"href":"https:\/\/petergunnar.photo\/index.php?rest_route=%2Fwp%2Fv2%2Fmedia&parent=345"}],"curies":[{"name":"wp","href":"https:\/\/api.w.org\/{rel}","templated":true}]}}