{"id":33,"date":"2023-03-09T19:03:19","date_gmt":"2023-03-09T18:03:19","guid":{"rendered":"https:\/\/petergunnar.photo\/?page_id=33"},"modified":"2023-04-18T21:14:29","modified_gmt":"2023-04-18T19:14:29","slug":"prestations","status":"publish","type":"page","link":"https:\/\/petergunnar.photo\/?page_id=33","title":{"rendered":"Travailler ensemble"},"content":{"rendered":"\n<div class=\"wp-block-group has-global-padding is-layout-constrained wp-block-group-is-layout-constrained\"><div class=\"is-default-size wp-block-site-logo\"><a href=\"https:\/\/petergunnar.photo\/\" class=\"custom-logo-link\" rel=\"home\"><img loading=\"lazy\" decoding=\"async\" width=\"469\" height=\"434\" src=\"https:\/\/petergunnar.photo\/wp-content\/uploads\/2023\/03\/Peter-Gunnar-logo-copie-e1678712946765.png\" class=\"custom-logo\" alt=\"PeterGunnar &#8211; photographe personnel\" srcset=\"https:\/\/petergunnar.photo\/wp-content\/uploads\/2023\/03\/Peter-Gunnar-logo-copie-e1678712946765.png 469w, https:\/\/petergunnar.photo\/wp-content\/uploads\/2023\/03\/Peter-Gunnar-logo-copie-e1678712946765-300x278.png 300w\" sizes=\"auto, (max-width: 469px) 100vw, 469px\" \/><\/a><\/div><\/div>\n\n\n\n<p class=\"wp-block-paragraph\">Vous \u00eates une entreprise qui voulez actualiser l&rsquo;image de votre soci\u00e9t\u00e9? <a href=\"https:\/\/petergunnar.photo\/?page_id=231\" data-type=\"page\" data-id=\"231\">Travaillons ensemble<\/a><\/p>\n\n\n\n<p class=\"wp-block-paragraph\">Vous \u00eates un professionnel qui voulez donner la meilleure image de vous-m\u00eame? <a href=\"https:\/\/petergunnar.photo\/?page_id=456\" data-type=\"page\" data-id=\"456\">Travaillons ensemble<\/a><\/p>\n\n\n\n<p class=\"wp-block-paragraph\">Vous \u00eates un artiste qui voulez montrer votre talent? <a href=\"https:\/\/petergunnar.photo\/?page_id=701\" data-type=\"page\" data-id=\"701\">Travaillons ensemble<\/a><\/p>\n\n\n\n<p class=\"wp-block-paragraph\">Vous \u00eates une organisation du spectacle vivant qui veut communiquer sur ses \u00e9v\u00e8nements? <a href=\"https:\/\/petergunnar.photo\/?page_id=43\" data-type=\"page\" data-id=\"43\">Travaillons ensemble<\/a><\/p>\n","protected":false},"excerpt":{"rendered":"<p>Vous \u00eates une entreprise qui voulez actualiser l&rsquo;image de votre soci\u00e9t\u00e9? Travaillons ensemble Vous \u00eates un professionnel qui voulez donner la meilleure image de vous-m\u00eame? Travaillons ensemble Vous \u00eates un artiste qui voulez montrer votre talent? Travaillons ensemble Vous \u00eates une organisation du spectacle vivant qui veut communiquer sur ses \u00e9v\u00e8nements? Travaillons ensemble<\/p>\n","protected":false},"author":1,"featured_media":0,"parent":0,"menu_order":0,"comment_status":"closed","ping_status":"closed","template":"","meta":{"_crdt_document":"","footnotes":""},"class_list":["post-33","page","type-page","status-publish","hentry"],"_links":{"self":[{"href":"https:\/\/petergunnar.photo\/index.php?rest_route=\/wp\/v2\/pages\/33","targetHints":{"allow":["GET"]}}],"collection":[{"href":"https:\/\/petergunnar.photo\/index.php?rest_route=\/wp\/v2\/pages"}],"about":[{"href":"https:\/\/petergunnar.photo\/index.php?rest_route=\/wp\/v2\/types\/page"}],"author":[{"embeddable":true,"href":"https:\/\/petergunnar.photo\/index.php?rest_route=\/wp\/v2\/users\/1"}],"replies":[{"embeddable":true,"href":"https:\/\/petergunnar.photo\/index.php?rest_route=%2Fwp%2Fv2%2Fcomments&post=33"}],"version-history":[{"count":12,"href":"https:\/\/petergunnar.photo\/index.php?rest_route=\/wp\/v2\/pages\/33\/revisions"}],"predecessor-version":[{"id":703,"href":"https:\/\/petergunnar.photo\/index.php?rest_route=\/wp\/v2\/pages\/33\/revisions\/703"}],"wp:attachment":[{"href":"https:\/\/petergunnar.photo\/index.php?rest_route=%2Fwp%2Fv2%2Fmedia&parent=33"}],"curies":[{"name":"wp","href":"https:\/\/api.w.org\/{rel}","templated":true}]}}