{"id":231,"date":"2023-03-17T14:48:11","date_gmt":"2023-03-17T13:48:11","guid":{"rendered":"https:\/\/petergunnar.photo\/?page_id=231"},"modified":"2023-04-04T16:22:20","modified_gmt":"2023-04-04T14:22:20","slug":"la-session-de-portraits-individuels-organisation","status":"publish","type":"page","link":"https:\/\/petergunnar.photo\/?page_id=231","title":{"rendered":"La session Corporate"},"content":{"rendered":"\n<p class=\"wp-block-paragraph\">Il s&rsquo;agit en un temps court, typiquement une demi-journ\u00e9e, de faire les portraits des membres d&rsquo;une organisation. Le but est de transmettre une image claire de l&rsquo;organisation, incarn\u00e9e par des individus qui inspirent la confiance, tout en restant accessibles. L&rsquo;homog\u00e9n\u00e9it\u00e9 (looks, formats, lumi\u00e8re et colorim\u00e9trie, choix de postures) est privil\u00e9gi\u00e9e, tout en \u00e9vitant le pi\u00e8ge de l&rsquo;uniformit\u00e9.<\/p>\n\n\n\n<figure class=\"wp-block-gallery has-nested-images columns-default is-cropped wp-block-gallery-1 is-layout-flex wp-block-gallery-is-layout-flex\">\n<figure class=\"wp-block-image size-large\"><img loading=\"lazy\" decoding=\"async\" width=\"819\" height=\"1024\" data-id=\"86\" src=\"https:\/\/petergunnar.photo\/wp-content\/uploads\/2023\/03\/S-L1020109-819x1024.jpg\" alt=\"\" class=\"wp-image-86\" srcset=\"https:\/\/petergunnar.photo\/wp-content\/uploads\/2023\/03\/S-L1020109-819x1024.jpg 819w, https:\/\/petergunnar.photo\/wp-content\/uploads\/2023\/03\/S-L1020109-240x300.jpg 240w, https:\/\/petergunnar.photo\/wp-content\/uploads\/2023\/03\/S-L1020109-768x960.jpg 768w, https:\/\/petergunnar.photo\/wp-content\/uploads\/2023\/03\/S-L1020109-1229x1536.jpg 1229w, https:\/\/petergunnar.photo\/wp-content\/uploads\/2023\/03\/S-L1020109-1638x2048.jpg 1638w, https:\/\/petergunnar.photo\/wp-content\/uploads\/2023\/03\/S-L1020109-scaled.jpg 2048w\" sizes=\"auto, (max-width: 819px) 100vw, 819px\" \/><figcaption class=\"wp-element-caption\">2022<\/figcaption><\/figure>\n\n\n\n<figure class=\"wp-block-image size-large\"><img loading=\"lazy\" decoding=\"async\" width=\"683\" height=\"1024\" data-id=\"87\" src=\"https:\/\/petergunnar.photo\/wp-content\/uploads\/2023\/03\/2022-11-18-1626-HIDEF-683x1024.jpg\" alt=\"\" class=\"wp-image-87\" srcset=\"https:\/\/petergunnar.photo\/wp-content\/uploads\/2023\/03\/2022-11-18-1626-HIDEF-683x1024.jpg 683w, https:\/\/petergunnar.photo\/wp-content\/uploads\/2023\/03\/2022-11-18-1626-HIDEF-200x300.jpg 200w, https:\/\/petergunnar.photo\/wp-content\/uploads\/2023\/03\/2022-11-18-1626-HIDEF-768x1152.jpg 768w, https:\/\/petergunnar.photo\/wp-content\/uploads\/2023\/03\/2022-11-18-1626-HIDEF-1024x1536.jpg 1024w, https:\/\/petergunnar.photo\/wp-content\/uploads\/2023\/03\/2022-11-18-1626-HIDEF-1365x2048.jpg 1365w, https:\/\/petergunnar.photo\/wp-content\/uploads\/2023\/03\/2022-11-18-1626-HIDEF-scaled.jpg 1707w\" sizes=\"auto, (max-width: 683px) 100vw, 683px\" \/><\/figure>\n\n\n\n<figure class=\"wp-block-image size-large\"><img loading=\"lazy\" decoding=\"async\" width=\"1024\" height=\"1024\" data-id=\"130\" src=\"https:\/\/petergunnar.photo\/wp-content\/uploads\/2023\/03\/1019-4134-HIDEF-1024x1024.jpg\" alt=\"\" class=\"wp-image-130\" srcset=\"https:\/\/petergunnar.photo\/wp-content\/uploads\/2023\/03\/1019-4134-HIDEF-1024x1024.jpg 1024w, https:\/\/petergunnar.photo\/wp-content\/uploads\/2023\/03\/1019-4134-HIDEF-300x300.jpg 300w, https:\/\/petergunnar.photo\/wp-content\/uploads\/2023\/03\/1019-4134-HIDEF-150x150.jpg 150w, https:\/\/petergunnar.photo\/wp-content\/uploads\/2023\/03\/1019-4134-HIDEF-768x768.jpg 768w, https:\/\/petergunnar.photo\/wp-content\/uploads\/2023\/03\/1019-4134-HIDEF-1536x1536.jpg 1536w, https:\/\/petergunnar.photo\/wp-content\/uploads\/2023\/03\/1019-4134-HIDEF-2048x2048.jpg 2048w\" sizes=\"auto, (max-width: 1024px) 100vw, 1024px\" \/><\/figure>\n<\/figure>\n\n\n\n<p class=\"wp-block-paragraph\">Une contrainte fr\u00e9quente est le faible temps dont dispose typiquement chaque personne de l&rsquo;organisation cliente pour se faire photographier. Le photographe n&rsquo;a que quelques minutes seulement pour \u00e9tablir un lien de confiance avec la personne, et la\/le guider pour obtenir l&rsquo;image souhait\u00e9e, avant de passer \u00e0 la personne suivante.<\/p>\n\n\n\n<p class=\"wp-block-paragraph\">La session peut se d\u00e9rouler dans les locaux de l&rsquo;organisation (<strong>prise de  vue sur place<\/strong> ou <em>\u00ab\u00a0on location\u00a0\u00bb <\/em>en anglais) ou dans un <strong>studio<\/strong> ; elle est toujours pr\u00e9c\u00e9d\u00e9e d&rsquo;une rencontre avec le client pour s&rsquo;accorder sur les d\u00e9tails photographiques et le livrable souhait\u00e9 -c&rsquo;est le brief-. Dans le cas d&rsquo;une session sur place, un rep\u00e9rage technique est effectu\u00e9 au pr\u00e9alable. Pour assurer l&rsquo;homog\u00e9n\u00e9it\u00e9 souhait\u00e9e, en cas de crise de vue sur place, le photographe vient avec son mat\u00e9riel d&rsquo;\u00e9clairage (flashs mobiles et r\u00e9flecteurs, fonds). <\/p>\n\n\n\n<p class=\"wp-block-paragraph\">La session corporate est factur\u00e9e au <strong>forfait<\/strong>, dont le montant d\u00e9pend essentiellement du nombre de personnes \u00e0 photographier. Elle comprend la fourniture de deux images par personne photographi\u00e9e, choisies par le client apr\u00e8s pr\u00e9-s\u00e9lection par le photographe, Les images font l&rsquo;objet d&rsquo;un post-traitement standard qui consiste en un ajustement de la lumi\u00e8re et de la colorim\u00e9trie puis envoy\u00e9es par transfert de fichier s\u00e9curis\u00e9.<\/p>\n\n\n\n<p class=\"wp-block-paragraph\">Plusieurs niveaux de retouches peuvent \u00eatre envisag\u00e9s en <strong>option<\/strong>, ainsi qu&rsquo;une augmentation du nombre d&rsquo;images s\u00e9lectionn\u00e9es. Les fichiers sont fournis au format jpeg. Une cession limit\u00e9e de droits d&rsquo;auteurs est comprise.<\/p>\n\n\n\n<div class=\"wp-block-buttons is-layout-flex wp-block-buttons-is-layout-flex\">\n<div class=\"wp-block-button\"><a class=\"wp-block-button__link wp-element-button\" href=\"https:\/\/petergunnar.photo\/?page_id=43\">Contactez-moi<\/a><\/div>\n<\/div>\n","protected":false},"excerpt":{"rendered":"<p>Il s&rsquo;agit en un temps court, typiquement une demi-journ\u00e9e, de faire les portraits des membres d&rsquo;une organisation. Le but est de transmettre une image claire de l&rsquo;organisation, incarn\u00e9e par des individus qui inspirent la confiance, tout en restant accessibles. L&rsquo;homog\u00e9n\u00e9it\u00e9 (looks, formats, lumi\u00e8re et colorim\u00e9trie, choix de postures) est privil\u00e9gi\u00e9e, tout en \u00e9vitant le pi\u00e8ge [&hellip;]<\/p>\n","protected":false},"author":1,"featured_media":0,"parent":33,"menu_order":0,"comment_status":"closed","ping_status":"closed","template":"","meta":{"_crdt_document":"","footnotes":""},"class_list":["post-231","page","type-page","status-publish","hentry"],"_links":{"self":[{"href":"https:\/\/petergunnar.photo\/index.php?rest_route=\/wp\/v2\/pages\/231","targetHints":{"allow":["GET"]}}],"collection":[{"href":"https:\/\/petergunnar.photo\/index.php?rest_route=\/wp\/v2\/pages"}],"about":[{"href":"https:\/\/petergunnar.photo\/index.php?rest_route=\/wp\/v2\/types\/page"}],"author":[{"embeddable":true,"href":"https:\/\/petergunnar.photo\/index.php?rest_route=\/wp\/v2\/users\/1"}],"replies":[{"embeddable":true,"href":"https:\/\/petergunnar.photo\/index.php?rest_route=%2Fwp%2Fv2%2Fcomments&post=231"}],"version-history":[{"count":27,"href":"https:\/\/petergunnar.photo\/index.php?rest_route=\/wp\/v2\/pages\/231\/revisions"}],"predecessor-version":[{"id":597,"href":"https:\/\/petergunnar.photo\/index.php?rest_route=\/wp\/v2\/pages\/231\/revisions\/597"}],"up":[{"embeddable":true,"href":"https:\/\/petergunnar.photo\/index.php?rest_route=\/wp\/v2\/pages\/33"}],"wp:attachment":[{"href":"https:\/\/petergunnar.photo\/index.php?rest_route=%2Fwp%2Fv2%2Fmedia&parent=231"}],"curies":[{"name":"wp","href":"https:\/\/api.w.org\/{rel}","templated":true}]}}